{"id":53,"date":"2014-05-23T13:10:11","date_gmt":"2014-05-23T13:10:11","guid":{"rendered":"http:\/\/cms2.svm-tt.de\/?page_id=53"},"modified":"2024-03-26T15:37:56","modified_gmt":"2024-03-26T15:37:56","slug":"training","status":"publish","type":"page","link":"https:\/\/www.ttm-ev.de\/?page_id=53","title":{"rendered":"Training"},"content":{"rendered":"<hr \/>\n<p><strong>Jugend<\/strong><\/p>\n<p>Dienstag und Freitag jeweils ab 18:00 bis 19: 30 Uhr<\/p>\n<p>Kein Jugendtraining in den Ferien.<\/p>\n<hr \/>\n<p><strong>Aktive<\/strong><\/p>\n<p>Dienstag und Freitag jeweils ab 19:30 Uhr<\/p>\n<hr \/>\n<p>Aktuelle Anpassungen werden auch im Gemeindeblatt und auf der Homepage bekannt gegeben.<\/p>\n<p>Wir freuen uns \u00fcber gro\u00df und klein, rege Teilname wird nat\u00fcrlich belohnt!<\/p>\n<hr \/>\n<table style=\"border-collapse: collapse; width: 100%;\">\n<tbody>\n<tr>\n<td style=\"width: 100%; text-align: center;\"><img loading=\"lazy\" decoding=\"async\" class=\"aligncenter wp-image-6613\" src=\"https:\/\/www.ttm-ev.de\/wp-content\/uploads\/2019\/08\/cropped-tes-08.08.19.png\" alt=\"\" width=\"250\" height=\"70\" srcset=\"https:\/\/www.ttm-ev.de\/wp-content\/uploads\/2019\/08\/cropped-tes-08.08.19.png 422w, https:\/\/www.ttm-ev.de\/wp-content\/uploads\/2019\/08\/cropped-tes-08.08.19-300x84.png 300w\" sizes=\"auto, (max-width: 250px) 100vw, 250px\" \/><\/td>\n<\/tr>\n<\/tbody>\n<\/table>\n<hr \/>\n","protected":false},"excerpt":{"rendered":"<p>Jugend Dienstag und Freitag jeweils ab 18:00 bis 19: 30 Uhr Kein Jugendtraining in den Ferien. Aktive Dienstag und Freitag [&hellip;]<\/p>\n","protected":false},"author":1,"featured_media":0,"parent":0,"menu_order":0,"comment_status":"closed","ping_status":"closed","template":"","meta":{"jetpack_post_was_ever_published":false,"footnotes":""},"class_list":["post-53","page","type-page","status-publish","hentry"],"jetpack_shortlink":"https:\/\/wp.me\/P4SI4P-R","jetpack_sharing_enabled":true,"_links":{"self":[{"href":"https:\/\/www.ttm-ev.de\/index.php?rest_route=\/wp\/v2\/pages\/53","targetHints":{"allow":["GET"]}}],"collection":[{"href":"https:\/\/www.ttm-ev.de\/index.php?rest_route=\/wp\/v2\/pages"}],"about":[{"href":"https:\/\/www.ttm-ev.de\/index.php?rest_route=\/wp\/v2\/types\/page"}],"author":[{"embeddable":true,"href":"https:\/\/www.ttm-ev.de\/index.php?rest_route=\/wp\/v2\/users\/1"}],"replies":[{"embeddable":true,"href":"https:\/\/www.ttm-ev.de\/index.php?rest_route=%2Fwp%2Fv2%2Fcomments&post=53"}],"version-history":[{"count":38,"href":"https:\/\/www.ttm-ev.de\/index.php?rest_route=\/wp\/v2\/pages\/53\/revisions"}],"predecessor-version":[{"id":10753,"href":"https:\/\/www.ttm-ev.de\/index.php?rest_route=\/wp\/v2\/pages\/53\/revisions\/10753"}],"wp:attachment":[{"href":"https:\/\/www.ttm-ev.de\/index.php?rest_route=%2Fwp%2Fv2%2Fmedia&parent=53"}],"curies":[{"name":"wp","href":"https:\/\/api.w.org\/{rel}","templated":true}]}}