{"id":284,"date":"2014-05-26T18:07:07","date_gmt":"2014-05-26T18:07:07","guid":{"rendered":"http:\/\/cms2.svm-tt.de\/?page_id=284"},"modified":"2025-05-27T06:50:57","modified_gmt":"2025-05-27T06:50:57","slug":"ab-2006-bis-heute-tischtennis-moetzingen-e-v","status":"publish","type":"page","link":"https:\/\/www.ttm-ev.de\/?page_id=284","title":{"rendered":"Ehren\u00e4mter TTM ab 2006"},"content":{"rendered":"<p><strong>Tischtennis M\u00f6tzingen e.V. gegr\u00fcndet am 29. Oktober 2006<br \/><\/strong><\/p>\n<p><strong><br \/>1. Vorsitzende<\/strong><\/p>\n<p>2025 bis heute Markus Brenner<br \/>2017 bis 2025 Wilfried Baumann<br \/>2009 bis\u00a02017 Markus Brenner<br \/>2006 bis 2009 G\u00fcnter Hauser<\/p>\n<p><strong>2. Vorsitzende<\/strong><\/p>\n<p>2025 bis heute Alexander Hauser<br \/>2023 bis 2025 Markus Brenner<br \/>2019 bis 2023 Tobias Waidelich<br \/>2017 bis 2019 Alexander Hauser<br \/>2011 bis 2017 Sebastian Schurer<br \/>2009 bis\u00a02011Wilfried Baumann<br \/>2006 bis 2009 Matthias Gau\u00df<\/p>\n<p><strong>Jugendleiter<\/strong><\/p>\n<p>2025 bis heute Vakant<br \/>2023 bis 2025 Tobias Waidelich<br \/>2021 bis 2023 Raphael G\u00e4n\u00dfle<br \/>2019 bis 2021 Alexander Hauser<br \/>2014 bis 2019 Raphael G\u00e4n\u00dfle<br \/>2009 bis 2014 Marcus Thiessel<br \/>2007 bis 2009 Wilfried Baumann<\/p>\n<p><strong>Kassierer<\/strong><\/p>\n<p>2025 bis heute Klaus M\u00fcller<br \/>2020 bis 2025 Steffi Schneider<br \/>2017 bis 2020 Joachim Witzke<br \/>2006 bis 2017 Werner Schlayer<\/p>\n<p><strong>Schriftf\u00fchrer<\/strong><\/p>\n<p>2019 bis heute Axel Schneider<br \/>2018 bis 2019 Walther Beck (kommissarisch)<br \/>2006 bis 2018 Werner Prill<\/p>\n<p><strong>Pressewart<\/strong><\/p>\n<p>2025 bis heute Dominik Rubach<br \/>2023 bis 2025 Sebastian Schurer<br \/>2019 bis 2023\u00a0 \u00a0Vakant<br \/>2009 bis 2019 Walther Beck<br \/>2006 bis 2009 Markus Brenner<\/p>\n<hr \/>\n<p><img loading=\"lazy\" decoding=\"async\" class=\"aligncenter wp-image-6613\" src=\"https:\/\/www.ttm-ev.de\/wp-content\/uploads\/2019\/08\/cropped-tes-08.08.19.png\" alt=\"\" width=\"250\" height=\"70\" srcset=\"https:\/\/www.ttm-ev.de\/wp-content\/uploads\/2019\/08\/cropped-tes-08.08.19.png 422w, https:\/\/www.ttm-ev.de\/wp-content\/uploads\/2019\/08\/cropped-tes-08.08.19-300x84.png 300w\" sizes=\"auto, (max-width: 250px) 100vw, 250px\" \/><\/p>\n<hr \/>\n\n","protected":false},"excerpt":{"rendered":"<p>Tischtennis M\u00f6tzingen e.V. gegr\u00fcndet am 29. Oktober 2006 1. Vorsitzende 2025 bis heute Markus Brenner2017 bis 2025 Wilfried Baumann2009 bis\u00a02017 [&hellip;]<\/p>\n","protected":false},"author":1,"featured_media":879,"parent":0,"menu_order":0,"comment_status":"closed","ping_status":"closed","template":"","meta":{"jetpack_post_was_ever_published":false,"footnotes":""},"class_list":["post-284","page","type-page","status-publish","has-post-thumbnail","hentry"],"jetpack_shortlink":"https:\/\/wp.me\/P4SI4P-4A","jetpack_sharing_enabled":true,"_links":{"self":[{"href":"https:\/\/www.ttm-ev.de\/index.php?rest_route=\/wp\/v2\/pages\/284","targetHints":{"allow":["GET"]}}],"collection":[{"href":"https:\/\/www.ttm-ev.de\/index.php?rest_route=\/wp\/v2\/pages"}],"about":[{"href":"https:\/\/www.ttm-ev.de\/index.php?rest_route=\/wp\/v2\/types\/page"}],"author":[{"embeddable":true,"href":"https:\/\/www.ttm-ev.de\/index.php?rest_route=\/wp\/v2\/users\/1"}],"replies":[{"embeddable":true,"href":"https:\/\/www.ttm-ev.de\/index.php?rest_route=%2Fwp%2Fv2%2Fcomments&post=284"}],"version-history":[{"count":22,"href":"https:\/\/www.ttm-ev.de\/index.php?rest_route=\/wp\/v2\/pages\/284\/revisions"}],"predecessor-version":[{"id":11401,"href":"https:\/\/www.ttm-ev.de\/index.php?rest_route=\/wp\/v2\/pages\/284\/revisions\/11401"}],"wp:featuredmedia":[{"embeddable":true,"href":"https:\/\/www.ttm-ev.de\/index.php?rest_route=\/wp\/v2\/media\/879"}],"wp:attachment":[{"href":"https:\/\/www.ttm-ev.de\/index.php?rest_route=%2Fwp%2Fv2%2Fmedia&parent=284"}],"curies":[{"name":"wp","href":"https:\/\/api.w.org\/{rel}","templated":true}]}}