{"id":280,"date":"2014-05-26T18:05:50","date_gmt":"2014-05-26T18:05:50","guid":{"rendered":"http:\/\/cms2.svm-tt.de\/?page_id=280"},"modified":"2021-10-06T17:05:04","modified_gmt":"2021-10-06T17:05:04","slug":"1975-2006-sportverein-moetzingen-abteilung-tischtennis","status":"publish","type":"page","link":"https:\/\/www.ttm-ev.de\/?page_id=280","title":{"rendered":"Ehren\u00e4mter SVM 1975-2006"},"content":{"rendered":"<p style=\"color: #444444;\"><strong style=\"font-style: inherit;\">&nbsp;Als Abteilung Tischtennis unter dem Sportverein M\u00f6tzingen e.V.<\/strong><\/p>\n<p><strong style=\"font-style: inherit;\">&nbsp;<\/strong><\/p>\n<table width=\"807\" cellspacing=\"0\" cellpadding=\"0\">\n<tbody>\n<tr>\n<td valign=\"top\"><b>Jahr<\/b><\/td>\n<td valign=\"top\"><b>Abteilungs-Leiter<\/b><\/td>\n<td valign=\"top\"><b>Stellv. Abt.-Leiter<\/b><\/td>\n<td valign=\"top\"><b>Jugend-Leiter<\/b><\/td>\n<td valign=\"top\"><b>Kassier<\/b><\/td>\n<td valign=\"top\"><b>Schriftf\u00fchrer<\/b><\/td>\n<\/tr>\n<tr>\n<td valign=\"top\">\n<p align=\"right\">2006<\/p>\n<\/td>\n<td valign=\"top\">G\u00fcnter Hauser<\/td>\n<td valign=\"top\">Matthias Gau\u00df<\/td>\n<td valign=\"top\">&#8212;-<\/td>\n<td valign=\"top\">Werner Schlayer<\/td>\n<td valign=\"top\">Werner Prill<\/td>\n<\/tr>\n<tr>\n<td valign=\"top\">\n<p align=\"right\">2005<\/p>\n<\/td>\n<td valign=\"top\">G\u00fcnter Hauser<\/td>\n<td valign=\"top\">Matthias Gau\u00df<\/td>\n<td valign=\"top\">Michael Schweikert<\/td>\n<td valign=\"top\">Werner Schlayer<\/td>\n<td valign=\"top\">Werner Prill<\/td>\n<\/tr>\n<tr>\n<td valign=\"top\">\n<p align=\"right\">2004<\/p>\n<\/td>\n<td valign=\"top\">G\u00fcnter Hauser<\/td>\n<td valign=\"top\">Matthias Gau\u00df<\/td>\n<td valign=\"top\">Michael Schweikert<\/td>\n<td valign=\"top\">Werner Schlayer<\/td>\n<td valign=\"top\">Werner Prill<\/td>\n<\/tr>\n<tr>\n<td valign=\"top\">\n<p align=\"right\">2003<\/p>\n<\/td>\n<td valign=\"top\">G\u00fcnter Hauser<\/td>\n<td valign=\"top\">Matthias Gau\u00df<\/td>\n<td valign=\"top\">Michael Schweikert<\/td>\n<td valign=\"top\">Werner Schlayer<\/td>\n<td valign=\"top\">Werner Prill<\/td>\n<\/tr>\n<tr>\n<td valign=\"top\">\n<p align=\"right\">2002<\/p>\n<\/td>\n<td valign=\"top\">G\u00fcnter Hauser<\/td>\n<td valign=\"top\">Matthias Gau\u00df<\/td>\n<td valign=\"top\">Michael Schweikert<\/td>\n<td valign=\"top\">Werner Schlayer<\/td>\n<td valign=\"top\">Werner Prill<\/td>\n<\/tr>\n<tr>\n<td valign=\"top\">\n<p align=\"right\">2001<\/p>\n<\/td>\n<td valign=\"top\">Werner Schneider<\/td>\n<td valign=\"top\">Michael Schweikert \/ G\u00fcnter Hauser<\/td>\n<td valign=\"top\">Wilfried Baumann<\/td>\n<td valign=\"top\">Werner Schlayer<\/td>\n<td valign=\"top\">Werner Prill<\/td>\n<\/tr>\n<tr>\n<td valign=\"top\">\n<p align=\"right\">2000<\/p>\n<\/td>\n<td valign=\"top\">Werner Schneider<\/td>\n<td valign=\"top\">Michael Schweikert<\/td>\n<td valign=\"top\">G\u00fcnter Hauser<\/td>\n<td valign=\"top\">Manfred Vosseler<\/td>\n<td valign=\"top\">Werner Prill<\/td>\n<\/tr>\n<tr>\n<td valign=\"top\">\n<p align=\"right\">1999<\/p>\n<\/td>\n<td valign=\"top\">Werner Schneider<\/td>\n<td valign=\"top\">Michael Schweikert<\/td>\n<td valign=\"top\">Sven Schurer<\/td>\n<td valign=\"top\">Manfred Vosseler<\/td>\n<td valign=\"top\">Werner Prill<\/td>\n<\/tr>\n<tr>\n<td valign=\"top\">\n<p align=\"right\">1998<\/p>\n<\/td>\n<td valign=\"top\">Werner Schneider<\/td>\n<td valign=\"top\">Michael Schweikert<\/td>\n<td valign=\"top\">Erich Sommer<\/td>\n<td valign=\"top\">Manfred Vosseler<\/td>\n<td valign=\"top\">Werner Prill<\/td>\n<\/tr>\n<tr>\n<td valign=\"top\">\n<p align=\"right\">1997<\/p>\n<\/td>\n<td valign=\"top\">Werner Schneider<\/td>\n<td valign=\"top\">Michael Schweikert<\/td>\n<td valign=\"top\">Erich Sommer<\/td>\n<td valign=\"top\">Manfred Vosseler<\/td>\n<td valign=\"top\">Werner Prill<\/td>\n<\/tr>\n<tr>\n<td valign=\"top\">\n<p align=\"right\">1996<\/p>\n<\/td>\n<td valign=\"top\">Werner Schneider<\/td>\n<td valign=\"top\">G\u00fcnter Hauser<\/td>\n<td valign=\"top\">Erich Sommer<\/td>\n<td valign=\"top\">Manfred Vosseler<\/td>\n<td valign=\"top\">Werner Prill<\/td>\n<\/tr>\n<tr>\n<td valign=\"top\">\n<p align=\"right\">1995<\/p>\n<\/td>\n<td valign=\"top\">Werner Schneider<\/td>\n<td valign=\"top\">G\u00fcnter Hauser<\/td>\n<td valign=\"top\">Erich Sommer<\/td>\n<td valign=\"top\">Manfred Vosseler<\/td>\n<td valign=\"top\">Werner Prill<\/td>\n<\/tr>\n<tr>\n<td valign=\"top\">\n<p align=\"right\">1994<\/p>\n<\/td>\n<td valign=\"top\">Heinz Sindlinger<\/td>\n<td valign=\"top\">G\u00fcnter Hauser<\/td>\n<td valign=\"top\">Erich Sommer<\/td>\n<td valign=\"top\">Manfred Vosseler<\/td>\n<td valign=\"top\">Werner Prill<\/td>\n<\/tr>\n<tr>\n<td valign=\"top\">\n<p align=\"right\">1993<\/p>\n<\/td>\n<td valign=\"top\">Heinz Sindlinger<\/td>\n<td valign=\"top\">G\u00fcnter Hauser<\/td>\n<td valign=\"top\">Erich Sommer<\/td>\n<td valign=\"top\">Manfred Vosseler<\/td>\n<td valign=\"top\">Werner Prill<\/td>\n<\/tr>\n<tr>\n<td valign=\"top\">\n<p align=\"right\">1992<\/p>\n<\/td>\n<td valign=\"top\">Heinz Sindlinger<\/td>\n<td valign=\"top\">Werner Schneider<\/td>\n<td valign=\"top\">Erich Sommer<\/td>\n<td valign=\"top\">Manfred Vosseler<\/td>\n<td valign=\"top\">Werner Prill<\/td>\n<\/tr>\n<tr>\n<td valign=\"top\">\n<p align=\"right\">1991<\/p>\n<\/td>\n<td valign=\"top\">Heinz Sindlinger<\/td>\n<td valign=\"top\">Werner Schneider<\/td>\n<td valign=\"top\">Erich Sommer<\/td>\n<td valign=\"top\">G\u00fcnter Hauser<\/td>\n<td valign=\"top\">Werner Prill<\/td>\n<\/tr>\n<tr>\n<td valign=\"top\">\n<p align=\"right\">1990<\/p>\n<\/td>\n<td valign=\"top\">Heinz Sindlinger<\/td>\n<td valign=\"top\">Werner Schneider<\/td>\n<td valign=\"top\">Erich Sommer<\/td>\n<td valign=\"top\">G\u00fcnter Hauser<\/td>\n<td valign=\"top\">Werner Prill<\/td>\n<\/tr>\n<tr>\n<td valign=\"top\">\n<p align=\"right\">1989<\/p>\n<\/td>\n<td valign=\"top\">Heinz Sindlinger<\/td>\n<td valign=\"top\">Werner Schneider<\/td>\n<td valign=\"top\">Erich Sommer<\/td>\n<td valign=\"top\">G\u00fcnter Hauser<\/td>\n<td valign=\"top\">Werner Prill<\/td>\n<\/tr>\n<tr>\n<td valign=\"top\">\n<p align=\"right\">1988<\/p>\n<\/td>\n<td valign=\"top\">Heinz Sindlinger<\/td>\n<td valign=\"top\">Rolf Schweikert<\/td>\n<td valign=\"top\">G\u00fcnter Hauser<\/td>\n<td valign=\"top\">Erich Sommer<\/td>\n<td valign=\"top\">Hans Schmid<\/td>\n<\/tr>\n<tr>\n<td valign=\"top\">\n<p align=\"right\">1987<\/p>\n<\/td>\n<td valign=\"top\">Heinz Sindlinger<\/td>\n<td valign=\"top\">Rolf Schweikert<\/td>\n<td valign=\"top\">G\u00fcnter Hauser<\/td>\n<td valign=\"top\">Erich Sommer<\/td>\n<td valign=\"top\">Hans Schmid<\/td>\n<\/tr>\n<tr>\n<td valign=\"top\">\n<p align=\"right\">1986<\/p>\n<\/td>\n<td valign=\"top\">Heinz Sindlinger<\/td>\n<td valign=\"top\">Rolf Schweikert<\/td>\n<td valign=\"top\">G\u00fcnter Hauser<\/td>\n<td valign=\"top\">Erich Sommer<\/td>\n<td valign=\"top\">Hans Schmid<\/td>\n<\/tr>\n<tr>\n<td valign=\"top\">\n<p align=\"right\">1985<\/p>\n<\/td>\n<td valign=\"top\">Heinz Sindlinger<\/td>\n<td valign=\"top\">Rolf Schweikert<\/td>\n<td valign=\"top\">Karl-Heinz Schubert<\/td>\n<td valign=\"top\">Erich Sommer<\/td>\n<td valign=\"top\">Hans Schmid<\/td>\n<\/tr>\n<tr>\n<td valign=\"top\">\n<p align=\"right\">1984<\/p>\n<\/td>\n<td valign=\"top\">Heinz Sindlinger<\/td>\n<td valign=\"top\">Rolf Schweikert<\/td>\n<td valign=\"top\">Karl-Heinz Schubert<\/td>\n<td valign=\"top\">Erich Sommer<\/td>\n<td valign=\"top\">Hans Schmid<\/td>\n<\/tr>\n<tr>\n<td valign=\"top\">\n<p align=\"right\">1983<\/p>\n<\/td>\n<td valign=\"top\">Rolf Schweikert<\/td>\n<td valign=\"top\">Heinz Sindlinger<\/td>\n<td valign=\"top\">Karl-Heinz Schubert<\/td>\n<td valign=\"top\">Erich Sommer<\/td>\n<td valign=\"top\">Hans Schmid<\/td>\n<\/tr>\n<tr>\n<td valign=\"top\">\n<p align=\"right\">1982<\/p>\n<\/td>\n<td valign=\"top\">Rolf Schweikert<\/td>\n<td valign=\"top\">Heinz Sindlinger<\/td>\n<td valign=\"top\">Werner Bruckner<\/td>\n<td valign=\"top\">Erich Sommer<\/td>\n<td valign=\"top\">Hans Schmid<\/td>\n<\/tr>\n<tr>\n<td valign=\"top\">\n<p align=\"right\">1981<\/p>\n<\/td>\n<td valign=\"top\">Rolf Schweikert<\/td>\n<td valign=\"top\">Heinz Sindlinger<\/td>\n<td valign=\"top\">Werner Bruckner<\/td>\n<td valign=\"top\">Erich Sommer<\/td>\n<td valign=\"top\">Hans Schmid<\/td>\n<\/tr>\n<tr>\n<td valign=\"top\">\n<p align=\"right\">1980<\/p>\n<\/td>\n<td valign=\"top\">Werner Bruckner<\/td>\n<td valign=\"top\">Rolf Schweikert<\/td>\n<td valign=\"top\">Wolfgang Bohnet<\/td>\n<td valign=\"top\">Erich Sommer<\/td>\n<td valign=\"top\">Gerhard Morlok<\/td>\n<\/tr>\n<tr>\n<td valign=\"top\">\n<p align=\"right\">1979<\/p>\n<\/td>\n<td valign=\"top\">Werner Bruckner<\/td>\n<td valign=\"top\">Rolf Schweikert<\/td>\n<td valign=\"top\">Wolfgang Bohnet<\/td>\n<td valign=\"top\">Erich Sommer<\/td>\n<td valign=\"top\">Gerhard Morlok<\/td>\n<\/tr>\n<tr>\n<td valign=\"top\">\n<p align=\"right\">1978<\/p>\n<\/td>\n<td valign=\"top\">Werner Bruckner<\/td>\n<td valign=\"top\">Rolf Schweikert<\/td>\n<td valign=\"top\">Wolfgang Bohnet<\/td>\n<td valign=\"top\">Erich Sommer<\/td>\n<td valign=\"top\">Gerhard Hauser<\/td>\n<\/tr>\n<tr>\n<td valign=\"top\">\n<p align=\"right\">1977<\/p>\n<\/td>\n<td valign=\"top\">Werner Bruckner<\/td>\n<td valign=\"top\">Arnd Lohmann<\/td>\n<td valign=\"top\">Wolfgang Bohnet<\/td>\n<td valign=\"top\">Erich Sommer<\/td>\n<td valign=\"top\">Gerhard Hauser<\/td>\n<\/tr>\n<tr>\n<td valign=\"top\">\n<p align=\"right\">1976<\/p>\n<\/td>\n<td valign=\"top\"><\/td>\n<td valign=\"top\"><\/td>\n<td valign=\"top\"><\/td>\n<td valign=\"top\"><\/td>\n<td valign=\"top\"><\/td>\n<\/tr>\n<tr>\n<td valign=\"top\">\n<p align=\"right\">1975<\/p>\n<\/td>\n<td valign=\"top\"><\/td>\n<td valign=\"top\"><\/td>\n<td valign=\"top\"><\/td>\n<td valign=\"top\"><\/td>\n<td valign=\"top\"><\/td>\n<\/tr>\n<tr>\n<td colspan=\"6\" valign=\"top\">&nbsp;TTM e.V. 2006 \/ Sportverein M\u00f6tzingen e.V.<\/td>\n<\/tr>\n<\/tbody>\n<\/table>\n\n\n<hr \/>\n<p>\u00a0<\/p>\n","protected":false},"excerpt":{"rendered":"<p>&nbsp;Als Abteilung Tischtennis unter dem Sportverein M\u00f6tzingen e.V. &nbsp; Jahr Abteilungs-Leiter Stellv. Abt.-Leiter Jugend-Leiter Kassier Schriftf\u00fchrer 2006 G\u00fcnter Hauser Matthias [&hellip;]<\/p>\n","protected":false},"author":1,"featured_media":879,"parent":0,"menu_order":0,"comment_status":"closed","ping_status":"closed","template":"","meta":{"jetpack_post_was_ever_published":false,"footnotes":""},"class_list":["post-280","page","type-page","status-publish","has-post-thumbnail","hentry"],"jetpack_shortlink":"https:\/\/wp.me\/P4SI4P-4w","jetpack_sharing_enabled":true,"_links":{"self":[{"href":"https:\/\/www.ttm-ev.de\/index.php?rest_route=\/wp\/v2\/pages\/280","targetHints":{"allow":["GET"]}}],"collection":[{"href":"https:\/\/www.ttm-ev.de\/index.php?rest_route=\/wp\/v2\/pages"}],"about":[{"href":"https:\/\/www.ttm-ev.de\/index.php?rest_route=\/wp\/v2\/types\/page"}],"author":[{"embeddable":true,"href":"https:\/\/www.ttm-ev.de\/index.php?rest_route=\/wp\/v2\/users\/1"}],"replies":[{"embeddable":true,"href":"https:\/\/www.ttm-ev.de\/index.php?rest_route=%2Fwp%2Fv2%2Fcomments&post=280"}],"version-history":[{"count":7,"href":"https:\/\/www.ttm-ev.de\/index.php?rest_route=\/wp\/v2\/pages\/280\/revisions"}],"predecessor-version":[{"id":8648,"href":"https:\/\/www.ttm-ev.de\/index.php?rest_route=\/wp\/v2\/pages\/280\/revisions\/8648"}],"wp:featuredmedia":[{"embeddable":true,"href":"https:\/\/www.ttm-ev.de\/index.php?rest_route=\/wp\/v2\/media\/879"}],"wp:attachment":[{"href":"https:\/\/www.ttm-ev.de\/index.php?rest_route=%2Fwp%2Fv2%2Fmedia&parent=280"}],"curies":[{"name":"wp","href":"https:\/\/api.w.org\/{rel}","templated":true}]}}