{"id":1888,"date":"2015-01-12T14:06:05","date_gmt":"2015-01-12T14:06:05","guid":{"rendered":"http:\/\/www.ttm-ev.de\/?page_id=1888"},"modified":"2025-01-17T05:53:25","modified_gmt":"2025-01-17T05:53:25","slug":"spielorte","status":"publish","type":"page","link":"https:\/\/www.ttm-ev.de\/?page_id=1888","title":{"rendered":"Spielorte"},"content":{"rendered":"<p style=\"text-align: center;\"><strong>Bitte auch selbstst\u00e4ndig auf Aktualit\u00e4t pr\u00fcfen!<\/strong><br \/>\n&#8230;.<\/p>\n<hr \/>\n<div id=\"container\">\n<div id=\"content\">\n<div id=\"content-row1\">\n<table class=\"result-set\" border=\"0\" cellspacing=\"0\" cellpadding=\"0\">\n<caption>\u00a0<\/caption>\n<tbody>\n<tr>\n<th>Vereinsname<\/th>\n<th>Spiellokal<\/th>\n<\/tr>\n<tr>\n<td><a href=\"https:\/\/ttbw.click-tt.de\/cgi-bin\/WebObjects\/nuLigaTTDE.woa\/wa\/clubInfoDisplay?club=26843\">Bezirk B\u00f6blingen<\/a>\u00a0(00003)<\/td>\n<td><\/td>\n<\/tr>\n<tr>\n<td><a href=\"https:\/\/ttbw.click-tt.de\/cgi-bin\/WebObjects\/nuLigaTTDE.woa\/wa\/clubInfoDisplay?club=3887\">SpVgg Aidlingen<\/a>\u00a0(03001)<\/td>\n<td>\n<ul>\n<li>(1) Sonnenberghalle Aidlingen, Feldbergstr. 24, 71134 Aidlingen<\/li>\n<li>(2) Paul Wirth B\u00fcrgerhaus, Vogelsangstr. 20, 71134 Aidlingen (Dachtel)<\/li>\n<li>(3) Schallenberghalle Deufringen, Dachteler Weg 18, 71134 Aidlingen (Deufringen)<\/li>\n<\/ul>\n<\/td>\n<\/tr>\n<tr>\n<td><a href=\"https:\/\/ttbw.click-tt.de\/cgi-bin\/WebObjects\/nuLigaTTDE.woa\/wa\/clubInfoDisplay?club=3661\">SV B\u00f6blingen<\/a>\u00a0(03002)<\/td>\n<td>\n<ul>\n<li>(1) BBG Arena (Tischtenniszentrum) B\u00f6blingen, Silberweg 20, 71032 B\u00f6blingen<\/li>\n<\/ul>\n<\/td>\n<\/tr>\n<tr>\n<td><a href=\"https:\/\/ttbw.click-tt.de\/cgi-bin\/WebObjects\/nuLigaTTDE.woa\/wa\/clubInfoDisplay?club=3541\">TTC Breitenstein<\/a>\u00a0(03003)<\/td>\n<td>\n<ul>\n<li>(1) Breitensteiner Halle, Albert-Einstein-Str. 22, 71093 Breitenstein<\/li>\n<\/ul>\n<\/td>\n<\/tr>\n<tr>\n<td><a href=\"https:\/\/ttbw.click-tt.de\/cgi-bin\/WebObjects\/nuLigaTTDE.woa\/wa\/clubInfoDisplay?club=3898\">TSV Dagersheim<\/a>\u00a0(03004)<\/td>\n<td>\n<ul>\n<li>(1) Neue Festhalle, Hauptstr.22, 71034 B\u00f6blingen-Dagersheim<\/li>\n<\/ul>\n<\/td>\n<\/tr>\n<tr>\n<td><a href=\"https:\/\/ttbw.click-tt.de\/cgi-bin\/WebObjects\/nuLigaTTDE.woa\/wa\/clubInfoDisplay?club=4057\">SV Deckenpfronn<\/a>\u00a0(03005)<\/td>\n<td>\n<ul>\n<li>(1) Gemeindehalle, Weissenberger Allee 1, 75392 Deckenpfronn<\/li>\n<li>(2) Gottlob-Ernst-Schule , Schulsra\u00dfe 11, 75392 Deckenpfronn<\/li>\n<\/ul>\n<\/td>\n<\/tr>\n<tr>\n<td><a href=\"https:\/\/ttbw.click-tt.de\/cgi-bin\/WebObjects\/nuLigaTTDE.woa\/wa\/clubInfoDisplay?club=4006\">FSV Deufringen<\/a>\u00a0(03006)<\/td>\n<td>\n<ul>\n<li>(1) Sonnenberghalle Aidlingen, Feldbergstr.24, 71134 Aidlingen<\/li>\n<li>(2) Paul Wirth B\u00fcrgerhaus, Vogelsangstr. 20, 71134 Aidlingen (Dachtel)<\/li>\n<li>(3) Schallenberghalle Deufringen, Dachteler Weg 18, 71134 Aidlingen (Deufringen)<\/li>\n<\/ul>\n<\/td>\n<\/tr>\n<tr>\n<td><a href=\"https:\/\/ttbw.click-tt.de\/cgi-bin\/WebObjects\/nuLigaTTDE.woa\/wa\/clubInfoDisplay?club=4251\">TSV Grafenau<\/a>\u00a0(03007)<\/td>\n<td>\n<ul>\n<li>(1) Wiesengrundhalle, D\u00f6ffinger Str. 1, 71120 Grafenau-D\u00e4tzingen<\/li>\n<\/ul>\n<\/td>\n<\/tr>\n<tr>\n<td><a href=\"https:\/\/ttbw.click-tt.de\/cgi-bin\/WebObjects\/nuLigaTTDE.woa\/wa\/clubInfoDisplay?club=3593\">TTV G\u00e4rtringen<\/a>\u00a0(03009)<\/td>\n<td>\n<ul>\n<li>(1) Peter-Rosegger-Halle, Sch\u00f6nbuchstr. 16, 71116 G\u00e4rtringen<\/li>\n<li>(2) Theodor-Heuss-Sporthalle, Schickhardstra\u00dfe 34, 71116 G\u00e4rtringen<\/li>\n<\/ul>\n<\/td>\n<\/tr>\n<tr>\n<td><a href=\"https:\/\/ttbw.click-tt.de\/cgi-bin\/WebObjects\/nuLigaTTDE.woa\/wa\/clubInfoDisplay?club=3594\">SV Gebersheim<\/a>\u00a0(03010)<\/td>\n<td>\n<ul>\n<li>(1) G\u00e4ublickhalle, Heimerdinger Strasse 41, 71229 Leonberg<\/li>\n<li>(2) Sporthalle der Ostertag-Realschule , Tiroler Strasse 30, 71229 Leonberg<\/li>\n<\/ul>\n<\/td>\n<\/tr>\n<tr>\n<td><a href=\"https:\/\/ttbw.click-tt.de\/cgi-bin\/WebObjects\/nuLigaTTDE.woa\/wa\/clubInfoDisplay?club=4221\">VfL Herrenberg<\/a>\u00a0(03011)<\/td>\n<td>\n<ul>\n<li>(1) Aischbachhalle (Markweg), Schie\u00dft\u00e4le 33, 71083 Herrenberg<\/li>\n<li>(2) L\u00e4ngenholzhalle, Am Hallenbad, 71083 Herrenberg<\/li>\n<\/ul>\n<\/td>\n<\/tr>\n<tr>\n<td><a href=\"https:\/\/ttbw.click-tt.de\/cgi-bin\/WebObjects\/nuLigaTTDE.woa\/wa\/clubInfoDisplay?club=4284\">TSV H\u00f6fingen<\/a>\u00a0(03012)<\/td>\n<td>\n<ul>\n<li>(1) Glemstalhalle H\u00f6fingen, Am W\u00e4schbach 14, 71229 Leonberg (H\u00f6fingen)<\/li>\n<li>(2) Strohg\u00e4uhalle H\u00f6fingen, Sonnenstra\u00dfe, 71229 Leonberg (H\u00f6fingen)<\/li>\n<\/ul>\n<\/td>\n<\/tr>\n<tr>\n<td><a href=\"https:\/\/ttbw.click-tt.de\/cgi-bin\/WebObjects\/nuLigaTTDE.woa\/wa\/clubInfoDisplay?club=3961\">TSV Kuppingen<\/a>\u00a0(03014)<\/td>\n<td>\n<ul>\n<li>(1) Sporthalle Kuppingen, Keltenstra\u00dfe 8, 71083 Herrenberg-Kuppingen<\/li>\n<li>(2) -,<\/li>\n<\/ul>\n<\/td>\n<\/tr>\n<tr>\n<td><a href=\"https:\/\/ttbw.click-tt.de\/cgi-bin\/WebObjects\/nuLigaTTDE.woa\/wa\/clubInfoDisplay?club=4252\">SV Magstadt<\/a>\u00a0(03016)<\/td>\n<td>\n<ul>\n<li>(1) Sporthalle 2 (kleine Halle), Alte Stuttgarter Str., 71106 Magstadt<\/li>\n<\/ul>\n<\/td>\n<\/tr>\n<tr>\n<td><a href=\"https:\/\/ttbw.click-tt.de\/cgi-bin\/WebObjects\/nuLigaTTDE.woa\/wa\/clubInfoDisplay?club=3862\">GSV Maichingen<\/a>\u00a0(03017)<\/td>\n<td>\n<ul>\n<li>(1) Turnhalle Joh.-Widmann-Schule, Zeppelinstr. 16, 71069 Sindelfingen-Maichingen<\/li>\n<li>(2) Turnhalle Joh.-Widmann-Schule, Zeppelinstr. 16, 71069 Sindelfingen-Maichingen<\/li>\n<\/ul>\n<\/td>\n<\/tr>\n<tr>\n<td><a href=\"https:\/\/ttbw.click-tt.de\/cgi-bin\/WebObjects\/nuLigaTTDE.woa\/wa\/clubInfoDisplay?club=4120\">TSV Malmsheim<\/a>\u00a0(03018)<\/td>\n<td>\n<ul>\n<li>(1) Schulturnhalle, B\u00fchlstr. 12, 71272 Renningen-Malmsheim<\/li>\n<li>(2) TSV Halle, Albstr.14, 71272 Renningen-Malmsheim<\/li>\n<\/ul>\n<\/td>\n<\/tr>\n<tr>\n<td><a href=\"https:\/\/ttbw.click-tt.de\/cgi-bin\/WebObjects\/nuLigaTTDE.woa\/wa\/clubInfoDisplay?club=3522\">FC-SF M\u00fcnklingen<\/a>\u00a0(03021)<\/td>\n<td>\n<ul>\n<li>(1) Mehrzweckhalle M\u00fcnklingen, Lehninger Weg 31, 71263 Weil der Stadt-M\u00fcnklingen<\/li>\n<\/ul>\n<\/td>\n<\/tr>\n<tr>\n<td><a href=\"https:\/\/ttbw.click-tt.de\/cgi-bin\/WebObjects\/nuLigaTTDE.woa\/wa\/clubInfoDisplay?club=3989\">VfL Oberjettingen<\/a>\u00a0(03022)<\/td>\n<td>\n<ul>\n<li>(1) Willy-Dieterle-Halle, Heubergring 1, 71131 Jettingen<\/li>\n<li>(2) Turnhalle Oberjettingen, Wittumstra\u00dfe 3, 71131 Jettingen<\/li>\n<\/ul>\n<\/td>\n<\/tr>\n<tr>\n<td><a href=\"https:\/\/ttbw.click-tt.de\/cgi-bin\/WebObjects\/nuLigaTTDE.woa\/wa\/clubInfoDisplay?club=3949\">SpVgg Renningen<\/a>\u00a0(03023)<\/td>\n<td>\n<ul>\n<li>(1) Stadionsporthalle, Rankbachstra\u00dfe 53, 71272 Renningen<\/li>\n<li>(2) Rankbachhalle, Rankbachstra\u00dfe 51, 71272 Renningen<\/li>\n<li>(3) Schulturnhalle, B\u00fchlstra\u00dfe 12, 71272 Renningen-Malmsheim<\/li>\n<\/ul>\n<\/td>\n<\/tr>\n<tr>\n<td><a href=\"https:\/\/ttbw.click-tt.de\/cgi-bin\/WebObjects\/nuLigaTTDE.woa\/wa\/clubInfoDisplay?club=3760\">SV Rohrau<\/a>\u00a0(03024)<\/td>\n<td>\n<ul>\n<li>(1) Sch\u00f6nbuchhalle, Hofstattstra\u00dfe 100, 71116 G\u00e4rtringen-Rohrau<\/li>\n<\/ul>\n<\/td>\n<\/tr>\n<tr>\n<td><a href=\"https:\/\/ttbw.click-tt.de\/cgi-bin\/WebObjects\/nuLigaTTDE.woa\/wa\/clubInfoDisplay?club=4208\">SKV Rutesheim<\/a>\u00a0(03025)<\/td>\n<td>\n<ul>\n<li>(1) Theodor-Heuss-Turnhalle, Robert-Bosch-Str. 19, 71277 Rutesheim<\/li>\n<\/ul>\n<\/td>\n<\/tr>\n<tr>\n<td><a href=\"https:\/\/ttbw.click-tt.de\/cgi-bin\/WebObjects\/nuLigaTTDE.woa\/wa\/clubInfoDisplay?club=3785\">TTF Sch\u00f6naich<\/a>\u00a0(03026)<\/td>\n<td>\n<ul>\n<li>(1) Gemeindehalle, Im Hasenb\u00fchl 5, 71101 Sch\u00f6naich<\/li>\n<\/ul>\n<\/td>\n<\/tr>\n<tr>\n<td><a href=\"https:\/\/ttbw.click-tt.de\/cgi-bin\/WebObjects\/nuLigaTTDE.woa\/wa\/clubInfoDisplay?club=3574\">VfL Sindelfingen<\/a>\u00a0(03027)<\/td>\n<td>\n<ul>\n<li>(1) Schulsporthalle Sommerhofen, Hohenzollernstr. 53, 71067 Sindelfingen<\/li>\n<li>(2) Schulsporthalle Pfarrwiesen, Pfarrwiesenallee 1, 71067 Sindelfingen<\/li>\n<\/ul>\n<\/td>\n<\/tr>\n<tr>\n<td><a href=\"https:\/\/ttbw.click-tt.de\/cgi-bin\/WebObjects\/nuLigaTTDE.woa\/wa\/clubInfoDisplay?club=3925\">TSV Steinenbronn<\/a>\u00a0(03028)<\/td>\n<td>\n<ul>\n<li>(1) Sand\u00e4ckerhalle, Sand\u00e4ckerstra\u00dfe 3, 71144 Steinenbronn<\/li>\n<\/ul>\n<\/td>\n<\/tr>\n<tr>\n<td><a href=\"https:\/\/ttbw.click-tt.de\/cgi-bin\/WebObjects\/nuLigaTTDE.woa\/wa\/clubInfoDisplay?club=3525\">Spvgg Warmbronn<\/a>\u00a0(03031)<\/td>\n<td>\n<ul>\n<li>(1) Staigwaldhalle, B\u00fcsnauer Stra\u00dfe 85, 71229 Leonberg-Warmbronn<\/li>\n<\/ul>\n<\/td>\n<\/tr>\n<tr>\n<td><a href=\"https:\/\/ttbw.click-tt.de\/cgi-bin\/WebObjects\/nuLigaTTDE.woa\/wa\/clubInfoDisplay?club=4007\">Spvgg Weil der Stadt<\/a>\u00a0(03032)<\/td>\n<td>\n<ul>\n<li>(1) Sporthalle Johannes-Kepler-Gymnasium ( am Galgenberg), Max-Caspar-Str.47, 71263 Weil der Stadt<\/li>\n<\/ul>\n<\/td>\n<\/tr>\n<tr>\n<td><a href=\"https:\/\/ttbw.click-tt.de\/cgi-bin\/WebObjects\/nuLigaTTDE.woa\/wa\/clubInfoDisplay?club=11504\">Tischtennis M\u00f6tzingen<\/a>\u00a0(03035)<\/td>\n<td>\n<ul>\n<li>(1) Gemeindehalle, Schulstr.10, 71159 M\u00f6tzingen<\/li>\n<\/ul>\n<\/td>\n<\/tr>\n<tr>\n<td><a href=\"https:\/\/ttbw.click-tt.de\/cgi-bin\/WebObjects\/nuLigaTTDE.woa\/wa\/clubInfoDisplay?club=30025\">SV Leonberg\/Eltingen<\/a>\u00a0(03037)<\/td>\n<td>\n<ul>\n<li>(1) SVZ Leonberg, Bruckenbachstra\u00dfe 37, 71229 Leonberg<\/li>\n<\/ul>\n<\/td>\n<\/tr>\n<tr>\n<td><a href=\"https:\/\/ttbw.click-tt.de\/cgi-bin\/WebObjects\/nuLigaTTDE.woa\/wa\/clubInfoDisplay?club=30184\">Tischtennis Sch\u00f6nbuch<\/a>\u00a0(03038)<\/td>\n<td>\n<ul>\n<li>(1) Gemeindehalle (beim Hallenbad), In der R\u00f6te 94\/1, 71093 Weil im Sch\u00f6nbuch<\/li>\n<li>(2) Realschulturnhalle, Schillerstra\u00dfe 14, 71088 Holzgerlingen<\/li>\n<\/ul>\n<\/td>\n<\/tr>\n<tr>\n<td><a href=\"https:\/\/ttbw.click-tt.de\/cgi-bin\/WebObjects\/nuLigaTTDE.woa\/wa\/clubInfoDisplay?club=69346\">SV Affst\u00e4tt<\/a>\u00a0(03039)<\/td>\n<td>\n<ul>\n<li>(1) Gemeindehalle Affst\u00e4tt, Nelkenstr. 5, 71083 Herrenberg<\/li>\n<\/ul>\n<\/td>\n<\/tr>\n<tr>\n<td><a href=\"https:\/\/ttbw.click-tt.de\/cgi-bin\/WebObjects\/nuLigaTTDE.woa\/wa\/clubInfoDisplay?club=67967\">SpVgg Renningen \/ TSV Malmsheim (SG)<\/a>\u00a0(03200)<\/td>\n<td>\n<ul>\n<li>(1) Stadionsporthalle, Rankbachstra\u00dfe 53, 71272 Renningen<\/li>\n<li>(2) Rankbachhalle, Rankbachstra\u00dfe 51, 71272 Renningen<\/li>\n<li>(3) Schulturnhalle, B\u00fchlstr. 12, 71272 Renningen-Malmsheim<\/li>\n<\/ul>\n<\/td>\n<\/tr>\n<tr>\n<td><a href=\"https:\/\/ttbw.click-tt.de\/cgi-bin\/WebObjects\/nuLigaTTDE.woa\/wa\/clubInfoDisplay?club=69806\">FSV Deufringen 1947 \/ SpVgg Aidlingen (SG)<\/a>\u00a0(03201)<\/td>\n<td>\n<ul>\n<li>(1) Sonnenberghalle Aidlingen, Feldbergstr.24, 71134 Aidlingen<\/li>\n<li>(2) Paul Wirth B\u00fcrgerhaus, Vogelsangstr. 20, 71134 Aidlingen (Dachtel)<\/li>\n<li>(3) Schallenberghalle Deufringen, Dachteler Weg 18, 71134 Aidlingen (Deufringen)<\/li>\n<\/ul>\n<\/td>\n<\/tr>\n<\/tbody>\n<\/table>\n<hr \/>\n<\/div>\n<\/div>\n<\/div>\n","protected":false},"excerpt":{"rendered":"<p>Bitte auch selbstst\u00e4ndig auf Aktualit\u00e4t pr\u00fcfen! &#8230;. \u00a0 Vereinsname Spiellokal Bezirk B\u00f6blingen\u00a0(00003) SpVgg Aidlingen\u00a0(03001) (1) Sonnenberghalle Aidlingen, Feldbergstr. 24, 71134 [&hellip;]<\/p>\n","protected":false},"author":7,"featured_media":0,"parent":0,"menu_order":0,"comment_status":"closed","ping_status":"closed","template":"","meta":{"jetpack_post_was_ever_published":false,"footnotes":""},"class_list":["post-1888","page","type-page","status-publish","hentry"],"jetpack_shortlink":"https:\/\/wp.me\/P4SI4P-us","jetpack_sharing_enabled":true,"_links":{"self":[{"href":"https:\/\/www.ttm-ev.de\/index.php?rest_route=\/wp\/v2\/pages\/1888","targetHints":{"allow":["GET"]}}],"collection":[{"href":"https:\/\/www.ttm-ev.de\/index.php?rest_route=\/wp\/v2\/pages"}],"about":[{"href":"https:\/\/www.ttm-ev.de\/index.php?rest_route=\/wp\/v2\/types\/page"}],"author":[{"embeddable":true,"href":"https:\/\/www.ttm-ev.de\/index.php?rest_route=\/wp\/v2\/users\/7"}],"replies":[{"embeddable":true,"href":"https:\/\/www.ttm-ev.de\/index.php?rest_route=%2Fwp%2Fv2%2Fcomments&post=1888"}],"version-history":[{"count":13,"href":"https:\/\/www.ttm-ev.de\/index.php?rest_route=\/wp\/v2\/pages\/1888\/revisions"}],"predecessor-version":[{"id":11205,"href":"https:\/\/www.ttm-ev.de\/index.php?rest_route=\/wp\/v2\/pages\/1888\/revisions\/11205"}],"wp:attachment":[{"href":"https:\/\/www.ttm-ev.de\/index.php?rest_route=%2Fwp%2Fv2%2Fmedia&parent=1888"}],"curies":[{"name":"wp","href":"https:\/\/api.w.org\/{rel}","templated":true}]}}